{"id":12987,"date":"2024-06-17T11:47:02","date_gmt":"2024-06-17T08:17:02","guid":{"rendered":"https:\/\/farhadsalimi.com\/musteri-portali\/"},"modified":"2024-06-17T11:47:02","modified_gmt":"2024-06-17T08:17:02","slug":"musteri-portali","status":"publish","type":"page","link":"https:\/\/farhadsalimi.com\/tr\/musteri-portali\/","title":{"rendered":"M\u00fc\u015fteri Portal\u0131"},"content":{"rendered":"[jetpackcrm_clientportal]\n","protected":false},"excerpt":{"rendered":"<p>[jetpackcrm_clientportal]<\/p>\n","protected":false},"author":1,"featured_media":0,"parent":0,"menu_order":0,"comment_status":"closed","ping_status":"closed","template":"","meta":{"footnotes":""},"class_list":["post-12987","page","type-page","status-publish"],"_links":{"self":[{"href":"https:\/\/farhadsalimi.com\/tr\/wp-json\/wp\/v2\/pages\/12987","targetHints":{"allow":["GET"]}}],"collection":[{"href":"https:\/\/farhadsalimi.com\/tr\/wp-json\/wp\/v2\/pages"}],"about":[{"href":"https:\/\/farhadsalimi.com\/tr\/wp-json\/wp\/v2\/types\/page"}],"author":[{"embeddable":true,"href":"https:\/\/farhadsalimi.com\/tr\/wp-json\/wp\/v2\/users\/1"}],"replies":[{"embeddable":true,"href":"https:\/\/farhadsalimi.com\/tr\/wp-json\/wp\/v2\/comments?post=12987"}],"version-history":[{"count":0,"href":"https:\/\/farhadsalimi.com\/tr\/wp-json\/wp\/v2\/pages\/12987\/revisions"}],"wp:attachment":[{"href":"https:\/\/farhadsalimi.com\/tr\/wp-json\/wp\/v2\/media?parent=12987"}],"curies":[{"name":"wp","href":"https:\/\/api.w.org\/{rel}","templated":true}]}}